{"id":177,"date":"2020-10-29T03:53:08","date_gmt":"2020-10-29T03:53:08","guid":{"rendered":"https:\/\/morvarid.azuratheme.com\/?page_id=177"},"modified":"2024-10-22T14:00:46","modified_gmt":"2024-10-22T14:00:46","slug":"about-me","status":"publish","type":"page","link":"https:\/\/tarot-de-marseille-heritage.com\/english\/about-me\/","title":{"rendered":"Qui sommes -nous?"},"content":{"rendered":"\n<div class=\"wp-block-media-text has-media-on-the-right is-stacked-on-mobile is-vertically-aligned-top\" style=\"grid-template-columns:auto 18%\"><div class=\"wp-block-media-text__content\">\n<p><strong>Yves Reynaud<\/strong> est inspecteur maritime. N\u00e9 \u00e0 Montpellier (H\u00e9rault) en 1956, Il vit \u00e0 Marseille depuis 1982. Passionn\u00e9 d\u2019\u00e9sot\u00e9risme depuis toujours, il apprit les bases de l\u2019Astrologie, et \u00e9tudia en profondeur la num\u00e9rologie ainsi que la graphologie. L\u2019art symbolique, religieux et les vitraux font partie de ses centres d\u2019int\u00e9r\u00eat majeurs. Le Tarot, et particuli\u00e8rement le Tarot dit \u00ab de Marseille \u00bb, l\u2019int\u00e9resse par sa richesse symbolique et esth\u00e9tique. Depuis 2004, il s&#8217;est particuli\u00e8rement concentr\u00e9 sur les tarots historiques qu&#8217;il collectionne avec passion. Yves Reynaud fait \u00e9galement des recherches iconographiques, g\u00e9n\u00e9alogiques et historiques sur l&#8217;histoire du Tarot de Marseille et celle de ses Maitres Cartiers, de la ville de Marseille et d\u2019ailleurs. R\u00e9alisant avec Wilfried Houdouin l&#8217;importance du legs initiatique et culturel du Tarot de Marseille, ainsi que la raret\u00e9 des exemplaires conserv\u00e9s, il d\u00e9cida de cr\u00e9er Tarot de Marseille Heritage, et de produire des fac-simil\u00e9s des plus beaux Tarots de Marseille historiques. Ces jeux, dont celui de Pierre Madeni\u00e9, r\u00e9alis\u00e9 \u00e0 Dijon en 1709, est le premier, constitueront \u00e0 terme une collection in\u00e9dite de Tarots historiques de r\u00e9f\u00e9rence, r\u00e9\u00e9dit\u00e9s dans le plus grand respect des caract\u00e9ristiques des \u00e9ditions originales.<\/p>\n<\/div><figure class=\"wp-block-media-text__media\"><img loading=\"lazy\" decoding=\"async\" width=\"128\" height=\"175\" src=\"https:\/\/tarot-de-marseille-heritage.com\/english\/wp-content\/uploads\/2024\/09\/yves-reynaud_stamp.jpg\" alt=\"\" class=\"wp-image-575 size-full\"\/><\/figure><\/div>\n\n\n\n<p><\/p>\n\n\n\n<div class=\"wp-block-media-text is-stacked-on-mobile is-vertically-aligned-top\" style=\"grid-template-columns:18% auto\"><figure class=\"wp-block-media-text__media\"><img loading=\"lazy\" decoding=\"async\" width=\"320\" height=\"320\" src=\"https:\/\/tarot-de-marseille-heritage.com\/english\/wp-content\/uploads\/2024\/10\/VALENTIN-SAID-PULCINO.jpg\" alt=\"\" class=\"wp-image-1669 size-full\" srcset=\"https:\/\/tarot-de-marseille-heritage.com\/english\/wp-content\/uploads\/2024\/10\/VALENTIN-SAID-PULCINO.jpg 320w, https:\/\/tarot-de-marseille-heritage.com\/english\/wp-content\/uploads\/2024\/10\/VALENTIN-SAID-PULCINO-300x300.jpg 300w, https:\/\/tarot-de-marseille-heritage.com\/english\/wp-content\/uploads\/2024\/10\/VALENTIN-SAID-PULCINO-150x150.jpg 150w\" sizes=\"auto, (max-width: 320px) 100vw, 320px\" \/><\/figure><div class=\"wp-block-media-text__content\">\n<p><strong>Valentin Reynaud <\/strong>est graphiste de m\u00e9tier, se chargeant de l&#8217;ensemble des travaux graphiques ainsi que du contenu et de la charte \u00e9ditoriale de Tarot de Marseille Heritage. N\u00e9 \u00e0 Marseille en 1997, il vit \u00e0 Marseille depuis 2001. Passionn\u00e9 du Tarot depuis l&#8217;\u00e2ge de quinze ans, il fit acquisition de son premier Tarot de Marseille \u00e0 dix-neuf ans et ne cessa depuis de l&#8217;\u00e9tudier, de le pratiquer et de l&#8217;enseigner avec une passion grandissante. Il se forma aux arts graphiques, \u00e0 Paris, \u00e0 la fin des ann\u00e9es 1980, et obtint un certificat professionnel de tailleur de pierre en monuments historiques, \u00e0 Angers, en 1992. Il se forma en 1996 et 1997 \u00e0 l&#8217;informatique et aux logiciels graphiques, puis devint infographiste professionnel. Ses recherches en philosophie, en histoire, en g\u00e9om\u00e9trie sacr\u00e9e et en cosmologie l&#8217;amen\u00e8rent \u00e0 red\u00e9couvrir la structure et la nature originelles du Tarot de Marseille, constituant un v\u00e9ritable mod\u00e8le symbolique du Monde. Ces red\u00e9couvertes, associ\u00e9es \u00e0 la ma\u00eetrise des logiciels graphiques, lui permirent de r\u00e9aliser le Tarot <\/p>\n<\/div><\/div>\n\n\n\n<p><\/p>\n","protected":false},"excerpt":{"rendered":"<p>Yves Reynaud est inspecteur maritime. N\u00e9 \u00e0 Montpellier (H\u00e9rault) en 1956, Il vit \u00e0 Marseille depuis 1982. Passionn\u00e9 d\u2019\u00e9sot\u00e9risme depuis toujours, il apprit les bases de l\u2019Astrologie, et \u00e9tudia en profondeur la num\u00e9rologie ainsi que la graphologie. L\u2019art symbolique, religieux et les vitraux font partie de ses centres d\u2019int\u00e9r\u00eat majeurs. Le Tarot, et particuli\u00e8rement le [&hellip;]<\/p>\n","protected":false},"author":1,"featured_media":0,"parent":0,"menu_order":0,"comment_status":"closed","ping_status":"closed","template":"","meta":{"om_disable_all_campaigns":false,"_monsterinsights_skip_tracking":false,"_monsterinsights_sitenote_active":false,"_monsterinsights_sitenote_note":"","_monsterinsights_sitenote_category":0,"footnotes":""},"class_list":["post-177","page","type-page","status-publish","hentry"],"aioseo_notices":[],"_links":{"self":[{"href":"https:\/\/tarot-de-marseille-heritage.com\/english\/wp-json\/wp\/v2\/pages\/177","targetHints":{"allow":["GET"]}}],"collection":[{"href":"https:\/\/tarot-de-marseille-heritage.com\/english\/wp-json\/wp\/v2\/pages"}],"about":[{"href":"https:\/\/tarot-de-marseille-heritage.com\/english\/wp-json\/wp\/v2\/types\/page"}],"author":[{"embeddable":true,"href":"https:\/\/tarot-de-marseille-heritage.com\/english\/wp-json\/wp\/v2\/users\/1"}],"replies":[{"embeddable":true,"href":"https:\/\/tarot-de-marseille-heritage.com\/english\/wp-json\/wp\/v2\/comments?post=177"}],"version-history":[{"count":10,"href":"https:\/\/tarot-de-marseille-heritage.com\/english\/wp-json\/wp\/v2\/pages\/177\/revisions"}],"predecessor-version":[{"id":1671,"href":"https:\/\/tarot-de-marseille-heritage.com\/english\/wp-json\/wp\/v2\/pages\/177\/revisions\/1671"}],"wp:attachment":[{"href":"https:\/\/tarot-de-marseille-heritage.com\/english\/wp-json\/wp\/v2\/media?parent=177"}],"curies":[{"name":"wp","href":"https:\/\/api.w.org\/{rel}","templated":true}]}}