{"id":439,"date":"2020-10-29T02:13:07","date_gmt":"2020-10-29T02:13:07","guid":{"rendered":"https:\/\/morvarid.azuratheme.com\/?page_id=2"},"modified":"2024-09-05T16:57:30","modified_gmt":"2024-09-05T16:57:30","slug":"sample-page-2","status":"publish","type":"page","link":"https:\/\/tarot-de-marseille-heritage.com\/english\/sample-page-2\/","title":{"rendered":"Questions  Fr\u00e9quentes"},"content":{"rendered":"\n<p><strong>Tarot de Marseille Heritage poss\u00e8de-t-il des jeux anciens ?<\/strong><\/p>\n\n\n\n<blockquote class=\"wp-block-quote is-layout-flow wp-block-quote-is-layout-flow\">\n<p>Les exemplaires originaux ont \u00e9t\u00e9 totalement respect\u00e9s. Ainsi, la taille des cartes, leur aspect satin\u00e9 et leur \u00e9paisseur, leurs coins carr\u00e9s, la tonalit\u00e9 des couleurs et le dos des cartes ont \u00e9t\u00e9 reproduits \u00e0 l&#8217;identique, et \u00e0 l&#8217;\u00e9chelle originale. Nous avons \u00e9galement pr\u00e9serv\u00e9 les d\u00e9fauts li\u00e9s \u00e0 la technique de l\u2019\u00e9poque, comme la densit\u00e9 variable du noir, les bavures des couleurs et les traces \u00ab fant\u00f4mes \u00bb, r\u00e9sultant des impressions d&#8217;essai r\u00e9alis\u00e9es au verso du papier. La conservation de tous ces d\u00e9tails, qui fait partie du charme des jeux anciens, restitue donc autant que possible l&#8217;exemplaire original, et respecte ainsi l&#8217;\u0153uvre initiale. Bien s\u00fbr, nos r\u00e9\u00e9ditions ne sont pas r\u00e9alis\u00e9es avec les m\u00eames techniques qu\u2019\u00e0 l\u2019\u00e9poque : impression du trait avec des moules taill\u00e9s dans du bois de poirier, application des couleurs \u00e0 la brosse et au pochoir, lissage des cartes \u00e0 la pierre ronde, collage des cartes recto et verso sur une \u00e9tresse (la \u00ab brune \u00bb), etc. Toutefois, le plus grand soin a \u00e9t\u00e9 apport\u00e9 \u00e0 la r\u00e9alisation de nos fac-simil\u00e9s, du travail graphique \u00e0 l&#8217;impression finale. Tarot de Marseille Heritage propose ainsi au public des r\u00e9\u00e9ditions de Tarots de Marseille historiques in\u00e9dites, constituant des fac-simil\u00e9s pour la premi\u00e8re fois int\u00e9gralement conformes aux exemplaires originaux, r\u00e9alisant ainsi une collection unique, pr\u00e9servant ce patrimoine ancestral, et le rendant accessible \u00e0 tous pour notre plus grand plaisir.<\/p>\n<\/blockquote>\n\n\n\n<p><strong>Pourquoi nos fac-simil\u00e9s sont-ils emball\u00e9s dans une enveloppe ?<\/strong><\/p>\n\n\n\n<p>\u00c0 l\u2019\u00e9poque, les jeux \u00e9taient emball\u00e9s dans une feuille d\u2019un papier ordinaire, sur laquelle \u00e9tait imprim\u00e9s le nom du Maitre Cartier, ses armoiries, sa devise, ainsi que l\u2019adresse de son atelier. Selon ses \u00ab privil\u00e8ges \u00bb, d\u00fbment monnay\u00e9s, le cartier se d\u00e9clarait \u00ab cartier du roi \u00bb, \u00ab cartier ordinaire de Monseigneur le Duc \u00bb etc. Nos fac-simil\u00e9s sont envelopp\u00e9s \u00e0 la main par nos soins, avec un papier artisanal 80 gr\/m2, sans chlore, non acide, fabriqu\u00e9 par des artisans au N\u00e9pal, produisant du papier selon les techniques anciennes traditionnelles.<br><\/p>\n\n\n\n<p><strong>D&#8217;autres fac-simil\u00e9s de Tarot de Marseille historiques seront-ils produits \u00e0 l&#8217;avenir ?<\/strong><\/p>\n\n\n\n<p>Diff\u00e9rents accords de partenariat ont \u00e9t\u00e9 conclus avec des mus\u00e9es en France et \u00e0 l\u2019\u00e9tranger, ainsi qu&#8217;avec des collectionneurs particuliers. Les ventes du premier jeu r\u00e9alis\u00e9, celui de Pierre Madeni\u00e9, Dijon 1709, permettront de poursuivre ce beau projet de pr\u00e9servation de l\u2019h\u00e9ritage que nous ont l\u00e9gu\u00e9 les artisans Maitres Cartiers. Au minimum cinq Tarots incontournables sont pr\u00e9vus. Persuad\u00e9s que de beaux Tarots sont conserv\u00e9s dans des collections priv\u00e9es, nous esp\u00e9rons, \u00e0 terme, produire des fac-simil\u00e9s de bien d&#8217;autres mod\u00e8les historiques. Le prochain fac-simil\u00e9, celui de Fran\u00e7ois Chosson, Marseille 1736, sera r\u00e9alis\u00e9 d\u00e8s que l&#8217;investissement initial mis en \u0153uvre pour la r\u00e9\u00e9dition du Tarot de Pierre Madeni\u00e9, Dijon 1709, sera rembours\u00e9. Tout d\u00e9pend donc de vous, collectionneurs et autres amoureux du Tarot ! Ayant l&#8217;espoir de produire un nouveau jeu chaque ann\u00e9e, nous vous invitons \u00e0 vous inscrire \u00e0 la lettre d&#8217;information pour \u00eatre tenus inform\u00e9 des prochaines publications.<\/p>\n\n\n\n<p><strong>Tarot de Marseille Heritage poss\u00e8de-t-il des jeux anciens ?<\/strong><\/p>\n\n\n\n<p>Nous avons en notre possession six jeux d&#8217;\u00e9poque, ainsi qu&#8217;une collection de plus de 70 jeux historiques en haute d\u00e9finition, appartenant pour la plupart \u00e0 la cat\u00e9gorie du Tarot dit \u00ab de Marseille \u00bb. Nous invitons les collectionneurs priv\u00e9s \u00e0 nous contacter, et \u00e9ventuellement \u00e0 participer \u00e0 ce beau projet de pr\u00e9servation de l&#8217;h\u00e9ritage du Tarot de Marseille.<\/p>\n\n\n\n<blockquote class=\"wp-block-quote is-layout-flow wp-block-quote-is-layout-flow\">\n<p><strong>Nos fac-simil\u00e9s respectent-ils totalement les \u00e9ditions originales ?<\/strong><\/p>\n<\/blockquote>\n\n\n\n<p>Nous avons en notre possession six jeux d&#8217;\u00e9poque, ainsi qu&#8217;une collection de plus de 70 jeux historiques en haute d\u00e9finition, appartenant pour la plupart \u00e0 la cat\u00e9gorie du Tarot dit \u00ab de Marseille \u00bb. Nous invitons les collectionneurs priv\u00e9s \u00e0 nous contacter, et \u00e9ventuellement \u00e0 participer \u00e0 ce beau projet de pr\u00e9servation de l&#8217;h\u00e9ritage du Tarot de Marseille.<\/p>\n\n\n\n<p><strong>Quelles sont les diff\u00e9rentes classifications du Tarot de Marseille ?<\/strong><\/p>\n\n\n\n<p>Les Tarots de Marseille historiques sont class\u00e9s par les historiens selon les cat\u00e9gories \u00ab Tarot de Marseille de type I \u00bb (TDM I) et \u00ab Tarot de Marseille Type II \u00bb (TDM II). C&#8217;est \u00e0 cette derni\u00e8re que correspond le Tarot de Pierre Madeni\u00e9, Dijon 1709. Le TDM II est une cat\u00e9gorie dont les plus anciens mod\u00e8les de jeux connus auxquels elle correspond datent du XVIIIe si\u00e8cle, alors que les plus anciens mod\u00e8les connus du TDM I datent du XVe si\u00e8cle. Toutefois, cette classification pourrait bien \u00e9voluer en fonction des recherches actuelles et des d\u00e9couvertes futures de tarots pour l\u2019instant inconnus et donc non classifi\u00e9s.<\/p>\n\n\n\n<pre class=\"wp-block-code\"><code>Pour en savoir plus sur la red\u00e9couverte de la nature originelle du Tarot de Marseille, les esprits curieux sont invit\u00e9s \u00e0 d\u00e9couvrir les th\u00e9ories originales de Wilfried Houdouin sur son site : <a href=\"https:\/\/www.tarot-de-marselle-millenium.com\">www.tarot-de-marseille-millennium.com<\/a>.<\/code><\/pre>\n","protected":false},"excerpt":{"rendered":"<p>Tarot de Marseille Heritage poss\u00e8de-t-il des jeux anciens ? Les exemplaires originaux ont \u00e9t\u00e9 totalement respect\u00e9s. Ainsi, la taille des cartes, leur aspect satin\u00e9 et leur \u00e9paisseur, leurs coins carr\u00e9s, la tonalit\u00e9 des couleurs et le dos des cartes ont \u00e9t\u00e9 reproduits \u00e0 l&#8217;identique, et \u00e0 l&#8217;\u00e9chelle originale. Nous avons \u00e9galement pr\u00e9serv\u00e9 les d\u00e9fauts li\u00e9s [&hellip;]<\/p>\n","protected":false},"author":1,"featured_media":0,"parent":0,"menu_order":0,"comment_status":"closed","ping_status":"closed","template":"","meta":{"om_disable_all_campaigns":false,"_monsterinsights_skip_tracking":false,"_monsterinsights_sitenote_active":false,"_monsterinsights_sitenote_note":"","_monsterinsights_sitenote_category":0,"footnotes":""},"class_list":["post-439","page","type-page","status-publish","hentry"],"aioseo_notices":[],"_links":{"self":[{"href":"https:\/\/tarot-de-marseille-heritage.com\/english\/wp-json\/wp\/v2\/pages\/439","targetHints":{"allow":["GET"]}}],"collection":[{"href":"https:\/\/tarot-de-marseille-heritage.com\/english\/wp-json\/wp\/v2\/pages"}],"about":[{"href":"https:\/\/tarot-de-marseille-heritage.com\/english\/wp-json\/wp\/v2\/types\/page"}],"author":[{"embeddable":true,"href":"https:\/\/tarot-de-marseille-heritage.com\/english\/wp-json\/wp\/v2\/users\/1"}],"replies":[{"embeddable":true,"href":"https:\/\/tarot-de-marseille-heritage.com\/english\/wp-json\/wp\/v2\/comments?post=439"}],"version-history":[{"count":2,"href":"https:\/\/tarot-de-marseille-heritage.com\/english\/wp-json\/wp\/v2\/pages\/439\/revisions"}],"predecessor-version":[{"id":584,"href":"https:\/\/tarot-de-marseille-heritage.com\/english\/wp-json\/wp\/v2\/pages\/439\/revisions\/584"}],"wp:attachment":[{"href":"https:\/\/tarot-de-marseille-heritage.com\/english\/wp-json\/wp\/v2\/media?parent=439"}],"curies":[{"name":"wp","href":"https:\/\/api.w.org\/{rel}","templated":true}]}}